{"id":170,"date":"2024-05-03T06:50:19","date_gmt":"2024-05-03T06:50:19","guid":{"rendered":"https:\/\/c-zar.be\/cookies\/"},"modified":"2024-05-13T12:13:00","modified_gmt":"2024-05-13T12:13:00","slug":"cookies","status":"publish","type":"page","link":"https:\/\/c-zar.be\/fr\/cookies\/","title":{"rendered":"Cookies"},"content":{"rendered":"\n<h3 class=\"wp-block-heading\" id=\"wat-zijn-cookies\">QU&rsquo;EST-CE QU&rsquo;UN COOKIE ?<\/h3>\n\n<p>Les cookies sont de petits fichiers texte stock\u00e9s par votre navigateur qui servent \u00e0 rendre notre pr\u00e9sence sur Internet plus conviviale, plus efficace et plus s\u00fbre. Les cookies ne nuisent pas \u00e0 votre ordinateur et ne contiennent pas de virus. Vous pouvez emp\u00eacher l&rsquo;installation de cookies dans les param\u00e8tres de votre navigateur. Veuillez noter que si vous emp\u00eachez l&rsquo;installation des cookies, vous ne pourrez pas non plus utiliser toutes les fonctionnalit\u00e9s de notre site web.<\/p>\n\n<h3 class=\"wp-block-heading\" id=\"zijn-ze-gevaarlijk\">SONT-ILS DANGEREUX?<\/h3>\n\n<p>Non. Les cookies permettent de rendre le site web plus convivial et de reconna\u00eetre l&rsquo;utilisateur lors d&rsquo;une visite ult\u00e9rieure, non pas en tant que personne r\u00e9elle, mais en tant que personne dans le navigateur de laquelle le cookie en question a \u00e9t\u00e9 stock\u00e9. Les cookies ne sont pas dangereux pour l&rsquo;ordinateur. En effet, les cookies ne peuvent pas transmettre de virus ni lire votre disque dur.<\/p>\n\n<h3 class=\"wp-block-heading\" id=\"gebruikt-caramelo-cookies\">C-ZAR UTILISE-T-IL DES COOKIES ?<\/h3>\n\n<p>Notre site web utilise des cookies pour faciliter la conception de votre visite. Les cookies utilis\u00e9s ne collectent jamais de donn\u00e9es personnelles vous concernant. Les cookies stockent notamment les param\u00e8tres que vous avez choisis, tels que le compte d&rsquo;utilisateur actif, le panier d&rsquo;achat ou la liste de souhaits. En outre, les cookies sont \u00e9galement utilis\u00e9s \u00e0 des fins statistiques. Veuillez noter que si vous emp\u00eachez l&rsquo;installation des cookies, vous ne pourrez pas non plus utiliser toutes les fonctionnalit\u00e9s de notre site web.<\/p>\n\n<h3 class=\"wp-block-heading\" id=\"wat-zijn-de-voordelen\">QUELS SONT LES AVANTAGES ?<\/h3>\n\n<p>C-ZAR utilise \u00e9galement des cookies qui vous offrent certains avantages. L&rsquo;aper\u00e7u suivant montre quels cookies C-ZAR utilise et quelles fonctions ils fournissent.<\/p>\n\n<p><strong>Des cookies absolument n\u00e9cessaires :<\/strong><br\/>ces cookies sont n\u00e9cessaires pour que les fonctions de base (par exemple l&rsquo;utilisation du panier d&rsquo;achat et de la liste de souhaits, la recherche, le changement d&rsquo;agence, la commande) soient disponibles sur le site web de C-ZAR.<\/p>\n\n<p><strong>Cookies li\u00e9s \u00e0 l&#8217;emploi :<\/strong><br\/>Ces cookies sont utilis\u00e9s pour am\u00e9liorer le confort d&rsquo;utilisation du site web (par exemple, affichage, forum) ou pour aider \u00e0 s\u00e9lectionner de nouvelles fonctionnalit\u00e9s, par exemple pour faciliter l&rsquo;utilisation lors de la recherche (ce que l&rsquo;on appelle les tests A\/B).<\/p>\n\n<p><strong>Analysecookies :<\/strong><br\/>Pour am\u00e9liorer et optimiser en permanence le contenu et la convivialit\u00e9 de notre site, nous utilisons des technologies d&rsquo;analyse de Webtrends Inc. avec le produit \u00ab Webtrends Analytics \u00bb d&rsquo;Optimizely Inc. avec le produit \u00ab Optimizely \u00bb et de Google Inc. avec le produit \u00ab AdWords Conversion Tracking \u00bb. v Au cours de ce processus, les donn\u00e9es de session et d&rsquo;interaction du visiteur du site web sont collect\u00e9es et \u00e9valu\u00e9es statistiquement. Des cookies sont utilis\u00e9s \u00e0 cette fin. Les donn\u00e9es de session et d&rsquo;interaction ne sont \u00e0 aucun moment trait\u00e9es sous forme nominative, mais toujours de mani\u00e8re anonyme.<\/p>\n\n<p>Vous pouvez toujours emp\u00eacher la collecte et le stockage de donn\u00e9es via Google AdWords Conversion Tracking \u00e0 l&rsquo;avenir en t\u00e9l\u00e9chargeant <a href=\"https:\/\/tools.google.com\/dlpage\/gaoptout?hl=nl\" target=\"_blank\" rel=\"noreferrer noopener\">CET ADD-ON<\/a>.<br\/>Vous pouvez \u00e0 tout moment emp\u00eacher la collecte et le stockage de donn\u00e9es par Webtrends Analytics en cliquant sur le lien suivant <a href=\"https:\/\/ondemand.webtrends.com\/support\/optout.asp?action=out&amp;status=completed\" target=\"_blank\" rel=\"noreferrer noopener\">LINK<\/a>.<\/p>\n\n<p><strong>Reciblage<\/strong><\/p>\n\n<p>\u00c0 titre de test, C-ZAR utilise des technologies de reciblage et \u00e9value ainsi les sites visit\u00e9s de mani\u00e8re anonyme afin de cibler les offres publicitaires. Les cookies recueillent des donn\u00e9es statistiques g\u00e9n\u00e9rales sur les visites du site web. Toutefois, aucune de vos donn\u00e9es personnelles ne sera stock\u00e9e dans le cadre de ce processus. Je suis d&rsquo;accord !<\/p>\n\n<p><strong>Comment les d\u00e9sactiver ?<\/strong><\/p>\n\n<p>Tous les navigateurs courants offrent la possibilit\u00e9 de supprimer les cookies existants ou d&#8217;emp\u00eacher leur stockage. La d\u00e9sactivation d\u00e9pend de votre navigateur et de la version que vous utilisez et peut \u00eatre effectu\u00e9e dans les param\u00e8tres du navigateur. Si vous ne savez pas comment proc\u00e9der \u00e0 ces r\u00e9glages, consultez la fonction d&rsquo;aide de votre navigateur.<\/p>\n\n<p>Si vous refusez les cookies, vous ne pourrez plus utiliser certaines fonctions int\u00e9ressantes du site web de C-ZAR. Nous vous conseillons donc de laisser les cookies activ\u00e9s. Nous les traitons de mani\u00e8re confidentielle ! Je suis d&rsquo;accord !<\/p>\n\n<p>C-ZAR utilise par exemple vos donn\u00e9es personnelles pour la proc\u00e9dure de paiement ou lors de l&rsquo;enregistrement dans l&rsquo;espace utilisateur de c-zar.be. Pour \u00e9viter que vos donn\u00e9es ne tombent entre de mauvaises mains, C-ZAR utilise des proc\u00e9d\u00e9s techniques de cryptage (tels que SSL) pour transf\u00e9rer les donn\u00e9es personnelles. Vous pouvez reconna\u00eetre la transmission de donn\u00e9es crypt\u00e9es \u00e0 l&rsquo;affichage d&rsquo;un symbole de verrouillage, par exemple une cl\u00e9 ou un cadenas dans la barre d&rsquo;\u00e9tat de votre navigateur.<\/p>\n\n<p>Ce processus de transfert de donn\u00e9es est fiable. Vos donn\u00e9es sont transmises de mani\u00e8re crypt\u00e9e afin qu&rsquo;elles ne puissent pas \u00eatre reconstitu\u00e9es par des tiers. Le C-ZAR utilise des techniques avanc\u00e9es et effectue des audits r\u00e9guliers.<\/p>\n\n<p>Des questions ? Dans ce cas, n&rsquo;h\u00e9sitez pas \u00e0 nous contacter via notre <a href=\"https:\/\/c-zar.be\/fr\/contacter\/\" data-type=\"page\" data-id=\"38\">CONTACTFORMULIER<\/a><\/p>\n","protected":false},"excerpt":{"rendered":"<p>QU&rsquo;EST-CE QU&rsquo;UN COOKIE ? Les cookies sont de petits fichiers texte stock\u00e9s par votre navigateur qui servent \u00e0 rendre notre pr\u00e9sence sur Internet plus conviviale, plus efficace et plus s\u00fbre. Les cookies ne nuisent pas \u00e0 votre ordinateur et ne contiennent pas de virus. Vous pouvez emp\u00eacher l&rsquo;installation de cookies dans les param\u00e8tres de votre [&#8230;]<\/p>\n<p><a class=\"btn btn-secondary understrap-read-more-link\" href=\"https:\/\/c-zar.be\/fr\/cookies\/\">Lire la suite\u2026<span class=\"screen-reader-text\"> from Cookies<\/span><\/a><\/p>\n","protected":false},"author":1,"featured_media":0,"parent":0,"menu_order":0,"comment_status":"closed","ping_status":"closed","template":"","meta":{"footnotes":""},"class_list":["post-170","page","type-page","status-publish","hentry"],"_links":{"self":[{"href":"https:\/\/c-zar.be\/fr\/wp-json\/wp\/v2\/pages\/170","targetHints":{"allow":["GET"]}}],"collection":[{"href":"https:\/\/c-zar.be\/fr\/wp-json\/wp\/v2\/pages"}],"about":[{"href":"https:\/\/c-zar.be\/fr\/wp-json\/wp\/v2\/types\/page"}],"author":[{"embeddable":true,"href":"https:\/\/c-zar.be\/fr\/wp-json\/wp\/v2\/users\/1"}],"replies":[{"embeddable":true,"href":"https:\/\/c-zar.be\/fr\/wp-json\/wp\/v2\/comments?post=170"}],"version-history":[{"count":3,"href":"https:\/\/c-zar.be\/fr\/wp-json\/wp\/v2\/pages\/170\/revisions"}],"predecessor-version":[{"id":173,"href":"https:\/\/c-zar.be\/fr\/wp-json\/wp\/v2\/pages\/170\/revisions\/173"}],"wp:attachment":[{"href":"https:\/\/c-zar.be\/fr\/wp-json\/wp\/v2\/media?parent=170"}],"curies":[{"name":"wp","href":"https:\/\/api.w.org\/{rel}","templated":true}]}}