{"id":175,"date":"2024-05-03T06:49:08","date_gmt":"2024-05-03T06:49:08","guid":{"rendered":"https:\/\/c-zar.be\/disclaimer\/"},"modified":"2024-05-13T12:40:03","modified_gmt":"2024-05-13T12:40:03","slug":"disclaimer","status":"publish","type":"page","link":"https:\/\/c-zar.be\/fr\/disclaimer\/","title":{"rendered":"disclaimer"},"content":{"rendered":"\n<p><strong>Ce site web est la propri\u00e9t\u00e9 de C-ZAR<\/strong><\/p>\n\n<p>En acc\u00e9dant au site web et en l&rsquo;utilisant, vous acceptez express\u00e9ment les conditions suivantes :<\/p>\n\n<p><strong>C-ZAR<\/strong> (num\u00e9ro d&rsquo;entreprise : BE1004.957.216), vous donne par la pr\u00e9sente acc\u00e8s \u00e0 https:\/\/c-zar.be (\u00ab le site web \u00bb) et y publie des textes, des images et d&rsquo;autres mat\u00e9riels pour votre information. Le constructeur du site web (wcreate &#8211; <a href=\"https:\/\/www.wcreate.be\/\" target=\"_blank\" rel=\"noreferrer noopener\">HTTPS:\/\/WWW.WCREATE.BE)<\/a> n&rsquo;est en aucun cas responsable de ce qui est publi\u00e9 sur ce site web.<\/p>\n\n<p><strong>C-ZAR<\/strong> se r\u00e9serve le droit de modifier le contenu ou de supprimer des sections \u00e0 tout moment sans avoir \u00e0 vous en informer.<\/p>\n\n<p>Les informations figurant sur le site web sont sans engagement et ne constituent pas une offre concr\u00e8te de conclure un contrat. Les accords ne sont conclus que par l&rsquo;acceptation d&rsquo;une offre d\u00e9sign\u00e9e comme telle sur le site web ou par courrier.<\/p>\n\n<p><strong>Responsabilit\u00e9 limit\u00e9e<\/strong><br\/><strong>C-ZAR<\/strong> s&rsquo;efforce de mettre \u00e0 jour et\/ou de compl\u00e9ter le contenu du site aussi souvent que possible. Malgr\u00e9 ce soin et cette attention, le contenu peut \u00eatre incomplet et\/ou incorrect. Les services propos\u00e9s sur le site web sont fournis sans aucune garantie ni pr\u00e9tention d&rsquo;exactitude. Ces services peuvent \u00eatre modifi\u00e9s \u00e0 tout moment sans pr\u00e9avis de la part de<strong> C-ZAR<\/strong>. En particulier, tous les prix figurant sur le site web sont sujets \u00e0 des erreurs de frappe et de programmation. Aucune responsabilit\u00e9 n&rsquo;est accept\u00e9e pour les cons\u00e9quences de telles erreurs. Aucun contrat ne sera form\u00e9 sur la base de ces erreurs. <strong>C-ZAR<\/strong> ne peut en aucun cas \u00eatre tenu responsable des liens hypertextes figurant sur le site vers des sites ou des services de tiers.<\/p>\n\n<p><strong>Droit d&rsquo;auteur<\/strong><br\/>Tous les droits de propri\u00e9t\u00e9 intellectuelle concernant les textes et les images sont d\u00e9tenus par <strong>C-ZAR<\/strong>. La copie, la distribution et toute autre utilisation de ce mat\u00e9riel ne sont pas autoris\u00e9es sans l&rsquo;autorisation \u00e9crite de <strong>C-ZAR<\/strong>, sauf et seulement dans la mesure o\u00f9 il en est dispos\u00e9 autrement dans les r\u00e9glementations de droit imp\u00e9ratif (comme le droit de citation), sauf indication contraire dans des cas sp\u00e9cifiques.<\/p>\n\n<p><strong>Traitement des donn\u00e9es \u00e0 caract\u00e8re personnel<\/strong><br\/>Les donn\u00e9es personnelles que vous fournissez par le biais de ce site web seront trait\u00e9es par <strong>C-ZAR<\/strong>. Elles sont trait\u00e9es conform\u00e9ment aux dispositions du r\u00e8glement g\u00e9n\u00e9ral europ\u00e9en sur la protection des donn\u00e9es (RGPD) du 24 mai 2016 (mieux connu sous le nom de r\u00e8glement g\u00e9n\u00e9ral sur la protection des donn\u00e9es ou \u00ab RGPD \u00bb). <strong>C-ZAR<\/strong> traite les donn\u00e9es \u00e0 caract\u00e8re personnel uniquement dans le but pour lequel elles ont \u00e9t\u00e9 collect\u00e9es (\u00e0 savoir contacter les patients) et uniquement pendant la dur\u00e9e n\u00e9cessaire \u00e0 cette fin.<\/p>\n\n<p><strong>Acc\u00e8s et droits concernant les donn\u00e9es personnelles<\/strong><br\/>Vous avez le droit de demander l&rsquo;acc\u00e8s \u00e0 vos donn\u00e9es personnelles. Vous pouvez demander, consulter et, le cas \u00e9ch\u00e9ant, faire rectifier les donn\u00e9es personnelles. Dans certains cas et s&rsquo;il existe de bonnes raisons de le faire, vous pouvez demander \u00e0 ce que vos donn\u00e9es personnelles soient effac\u00e9es. Pour exercer ces droits, remplissez notre <a href=\"https:\/\/c-zar.be\/fr\/questions-dorientation-zone-risque-explosifs\/\" data-type=\"page\" data-id=\"38\">FORMULAIRE DE CONTACT<\/a>.<\/p>\n\n<p><strong>Utilisation de cookies <br\/><\/strong> lors d&rsquo;une visite sur le site, des cookies peuvent \u00eatre plac\u00e9s sur le disque dur de votre ordinateur et uniquement pour mieux adapter le site aux besoins du visiteur qui revient. Ces mini-fichiers ou cookies ne sont pas utilis\u00e9s pour suivre le comportement de navigation du visiteur sur d&rsquo;autres sites web. Votre navigateur Internet vous permet d&#8217;emp\u00eacher l&rsquo;utilisation de cookies, de recevoir un avertissement lorsqu&rsquo;un cookie est install\u00e9 ou de supprimer les cookies de votre disque dur par la suite. Veuillez consulter la fonction d&rsquo;aide de votre navigateur Internet \u00e0 ce sujet.<\/p>\n\n<p><strong>Google Analytics<\/strong><br\/><strong>C-ZAR<\/strong> utilise Google Analytics pour suivre l&rsquo;utilisation du site web par les utilisateurs. Les informations ainsi obtenues, y compris l&rsquo;adresse de votre ordinateur (adresse IP), seront transmises et stock\u00e9es par Google sur des serveurs situ\u00e9s aux \u00c9tats-Unis. Veuillez lire les r\u00e8gles de confidentialit\u00e9 de Google pour plus d&rsquo;informations, ainsi que les r\u00e8gles de confidentialit\u00e9 sp\u00e9cifiques de Google Analytics.<\/p>\n\n<p>Google utilise ces informations pour suivre l&rsquo;utilisation de notre site web et nous fournir des rapports sur le site. Google peut fournir ces informations \u00e0 des tiers si Google est l\u00e9galement tenu de le faire, ou dans la mesure o\u00f9 ces tiers traitent les informations pour le compte de Google. Nous n&rsquo;avons aucun contr\u00f4le sur ce point.<\/p>\n\n<p><strong>Coordonn\u00e9es de l&rsquo;entit\u00e9 juridique<\/strong><br\/><strong>C-ZAR<\/strong><br\/>Delori-Maeslaan 19<br\/>9940 Evergem<br\/>Port of Ghent, Belgique<\/p>\n\n<p><a href=\"tel:+32485722435\">+32 485 72 24 35<\/a><br\/><a href=\"mailto:info@c-zar.be\">info@c-zar.be<\/a><br\/>Num\u00e9ro d&rsquo;entreprise: BE1004.957.216<\/p>\n\n<p>Directeur g\u00e9n\u00e9ral Jensy Herpoel<\/p>\n\n<p>RPR : Les tribunaux de Gand sont exclusivement comp\u00e9tents pour tous les litiges.<\/p>\n","protected":false},"excerpt":{"rendered":"<p>Ce site web est la propri\u00e9t\u00e9 de C-ZAR En acc\u00e9dant au site web et en l&rsquo;utilisant, vous acceptez express\u00e9ment les conditions suivantes : C-ZAR (num\u00e9ro d&rsquo;entreprise : BE1004.957.216), vous donne par la pr\u00e9sente acc\u00e8s \u00e0 https:\/\/c-zar.be (\u00ab le site web \u00bb) et y publie des textes, des images et d&rsquo;autres mat\u00e9riels pour votre information. Le [&#8230;]<\/p>\n<p><a class=\"btn btn-secondary understrap-read-more-link\" href=\"https:\/\/c-zar.be\/fr\/disclaimer\/\">Lire la suite\u2026<span class=\"screen-reader-text\"> from disclaimer<\/span><\/a><\/p>\n","protected":false},"author":1,"featured_media":0,"parent":0,"menu_order":0,"comment_status":"closed","ping_status":"closed","template":"","meta":{"footnotes":""},"class_list":["post-175","page","type-page","status-publish","hentry"],"_links":{"self":[{"href":"https:\/\/c-zar.be\/fr\/wp-json\/wp\/v2\/pages\/175","targetHints":{"allow":["GET"]}}],"collection":[{"href":"https:\/\/c-zar.be\/fr\/wp-json\/wp\/v2\/pages"}],"about":[{"href":"https:\/\/c-zar.be\/fr\/wp-json\/wp\/v2\/types\/page"}],"author":[{"embeddable":true,"href":"https:\/\/c-zar.be\/fr\/wp-json\/wp\/v2\/users\/1"}],"replies":[{"embeddable":true,"href":"https:\/\/c-zar.be\/fr\/wp-json\/wp\/v2\/comments?post=175"}],"version-history":[{"count":2,"href":"https:\/\/c-zar.be\/fr\/wp-json\/wp\/v2\/pages\/175\/revisions"}],"predecessor-version":[{"id":177,"href":"https:\/\/c-zar.be\/fr\/wp-json\/wp\/v2\/pages\/175\/revisions\/177"}],"wp:attachment":[{"href":"https:\/\/c-zar.be\/fr\/wp-json\/wp\/v2\/media?parent=175"}],"curies":[{"name":"wp","href":"https:\/\/api.w.org\/{rel}","templated":true}]}}